{"id":3169,"date":"2018-07-24T23:41:32","date_gmt":"2018-07-24T23:41:32","guid":{"rendered":"https:\/\/salamancabusca.cl\/mediakit\/?page_id=3169"},"modified":"2019-11-05T02:03:38","modified_gmt":"2019-11-05T02:03:38","slug":"diario-mistral","status":"publish","type":"page","link":"https:\/\/salamancabusca.cl\/mediakit\/diario-mistral\/","title":{"rendered":"Diario Mistral"},"content":{"rendered":"<section class=\"l-section wpb_row height_small\" id=\"requisitos\"><div class=\"l-section-h i-cf\"><div class=\"g-cols vc_row type_default valign_middle\"><div class=\"vc_col-sm-12 wpb_column vc_column_container\"><div class=\"vc_column-inner color_custom\" style=\"color:#ffffff;\"><div class=\"wpb_wrapper\">\r\n\t<div class=\"wpb_text_column \">\r\n\t\t<div class=\"wpb_wrapper\">\r\n\t\t\t<h3>Requisitos importantes<\/h3>\n\r\n\t\t<\/div>\r\n\t<\/div>\r\n<\/div><\/div><\/div><\/div><\/div><\/section><!-- Row Backgrounds --><div class=\"upb_grad\" data-grad=\"background: -webkit-gradient(linear, left top, left bottom, color-stop(0%, #311E51), color-stop(100%, #642D56));background: -moz-linear-gradient(left,#311E51 0%,#642D56 100%);background: -webkit-linear-gradient(left,#311E51 0%,#642D56 100%);background: -o-linear-gradient(left,#311E51 0%,#642D56 100%);background: -ms-linear-gradient(left,#311E51 0%,#642D56 100%);background: linear-gradient(left,#311E51 0%,#642D56 100%);\" data-bg-override=\"0\" data-upb-overlay-color=\"\" data-upb-bg-animation=\"\" data-fadeout=\"\" data-fadeout-percentage=\"30\" data-parallax-content=\"\" data-parallax-content-sense=\"30\" data-row-effect-mobile-disable=\"true\" data-img-parallax-mobile-disable=\"true\" data-rtl=\"false\"  data-custom-vc-row=\"\"  data-vc=\"5.5.2\"  data-is_old_vc=\"\"  data-theme-support=\"\"   data-overlay=\"false\" data-overlay-color=\"\" data-overlay-pattern=\"\" data-overlay-pattern-opacity=\"\" data-overlay-pattern-size=\"\"    ><\/div><section class=\"l-section wpb_row height_small\" id=\"features\"><div class=\"l-section-h i-cf\"><div class=\"g-cols vc_row type_default valign_middle\"><div class=\"vc_col-sm-12 wpb_column vc_column_container\"><div class=\"vc_column-inner color_custom\" style=\"color:#0a0a0a;\"><div class=\"wpb_wrapper\">\r\n\t<div class=\"wpb_text_column \">\r\n\t\t<div class=\"wpb_wrapper\">\r\n\t\t\t<p>Reportes:\u00a0Para la solicitud\u00a0 de reportes, deben ser solicitados a su ejecutiv@ comercial.<\/p>\n<p>* El horario de env\u00edo de piezas es hasta las 17:00hrs para su revisi\u00f3n, de lo contrario la campa\u00f1a se subir\u00e1 al siguiente d\u00eda h\u00e1bil.<\/p>\n<p>* Por temas de seguridad de la informaci\u00f3n es recomendable enviar creatividades por wetransfer u otro gestor de archivos v\u00eda web. Los formatos en Html5 deben ser enviados por lo menos con 24 horas de anticipaci\u00f3n para su revisi\u00f3n.<\/p>\n<p><strong>Cumplir con estos requerimientos permite poder revisar, corregir e implementar de mejor manera sus campa\u00f1as.<\/strong><\/p>\n\r\n\t\t<\/div>\r\n\t<\/div>\r\n<div class=\"w-separator type_invisible size_large\"><\/div><\/div><\/div><\/div><\/div><\/div><\/section><section class=\"l-section wpb_row height_small\" id=\"mediakit\"><div class=\"l-section-h i-cf\"><div class=\"g-cols vc_row type_default valign_middle\"><div class=\"vc_col-sm-12 wpb_column vc_column_container\"><div class=\"vc_column-inner color_custom\" style=\"color:#ffffff;\"><div class=\"wpb_wrapper\">\r\n\t<div class=\"wpb_text_column \">\r\n\t\t<div class=\"wpb_wrapper\">\r\n\t\t\t<h3>MediaKit &#8211; para todos los sitios<\/h3>\n\r\n\t\t<\/div>\r\n\t<\/div>\r\n<\/div><\/div><\/div><\/div><\/div><\/section><!-- Row Backgrounds --><div class=\"upb_grad\" data-grad=\"background: -webkit-gradient(linear, left top, left bottom, color-stop(0%, #311E51), color-stop(100%, #642D56));background: -moz-linear-gradient(left,#311E51 0%,#642D56 100%);background: -webkit-linear-gradient(left,#311E51 0%,#642D56 100%);background: -o-linear-gradient(left,#311E51 0%,#642D56 100%);background: -ms-linear-gradient(left,#311E51 0%,#642D56 100%);background: linear-gradient(left,#311E51 0%,#642D56 100%);\" data-bg-override=\"0\" data-upb-overlay-color=\"\" data-upb-bg-animation=\"\" data-fadeout=\"\" data-fadeout-percentage=\"30\" data-parallax-content=\"\" data-parallax-content-sense=\"30\" data-row-effect-mobile-disable=\"true\" data-img-parallax-mobile-disable=\"true\" data-rtl=\"false\"  data-custom-vc-row=\"\"  data-vc=\"5.5.2\"  data-is_old_vc=\"\"  data-theme-support=\"\"   data-overlay=\"false\" data-overlay-color=\"\" data-overlay-pattern=\"\" data-overlay-pattern-opacity=\"\" data-overlay-pattern-size=\"\"    ><\/div><section class=\"l-section wpb_row height_huge color_alternate\"><div class=\"l-section-h i-cf\"><div class=\"g-cols vc_row type_default valign_middle\"><div class=\"vc_col-sm-12 wpb_column vc_column_container\"><div class=\"vc_column-inner\"><div class=\"wpb_wrapper\"><div class=\"g-cols wpb_row type_default valign_top vc_inner \"><div class=\"vc_col-sm-6 wpb_column vc_column_container\"><div class=\"vc_column-inner\"><div class=\"wpb_wrapper\"><div id=\"ultimate-heading-88969e0664d6cea5\" class=\"uvc-heading ult-adjust-bottom-margin ultimate-heading-88969e0664d6cea5 uvc-268 \" data-hspacer=\"line_only\"  data-halign=\"left\" style=\"text-align:left\"><div class=\"uvc-heading-spacer line_only\" style=\"margin-top:10px;height:1px;\"><span class=\"uvc-headings-line\" style=\"border-style:solid;border-bottom-width:1px;border-color:#ccc;width:autopx;\"><\/span><\/div><div class=\"uvc-sub-heading ult-responsive\"  data-ultimate-target='.uvc-heading.ultimate-heading-88969e0664d6cea5 .uvc-sub-heading '  data-responsive-json-new='{\"font-size\":\"\",\"line-height\":\"\"}'  style=\"font-weight:normal;\">\n<p style=\"text-align: left;\"><strong>MediaKit &#8211; Slider\u00a0 \u00a0 \u00a0 \u00a0 \u00a0 \u00a0 \u00a0 \u00a0 \u00a0 \u00a0 \u00a0 \u00a0 \u00a0 \u00a0 \u00a0 \u00a0 \u00a0 \u00a0 \u00a0 \u00a0 \u00a0 \u00a0<\/strong>Descargar Excel<\/p>\n<\/div><\/div><\/div><\/div><\/div><div class=\"vc_col-sm-6 wpb_column vc_column_container\"><div class=\"vc_column-inner\"><div class=\"wpb_wrapper\"><div id=\"ultimate-heading-71069e0664d6cf3b\" class=\"uvc-heading ult-adjust-bottom-margin ultimate-heading-71069e0664d6cf3b uvc-9647 \" data-hspacer=\"line_only\"  data-halign=\"left\" style=\"text-align:left\"><div class=\"uvc-heading-spacer line_only\" style=\"margin-top:10px;height:1px;\"><span class=\"uvc-headings-line\" style=\"border-style:solid;border-bottom-width:1px;border-color:#ccc;width:autopx;\"><\/span><\/div><div class=\"uvc-sub-heading ult-responsive\"  data-ultimate-target='.uvc-heading.ultimate-heading-71069e0664d6cf3b .uvc-sub-heading '  data-responsive-json-new='{\"font-size\":\"\",\"line-height\":\"\"}'  style=\"font-weight:normal;\">\n<p style=\"text-align: left;\"><strong>MediaKit &#8211; Slider\u00a0 \u00a0 \u00a0 \u00a0 \u00a0 \u00a0 \u00a0 \u00a0 \u00a0 \u00a0 \u00a0 \u00a0 \u00a0 \u00a0 \u00a0 \u00a0 \u00a0 \u00a0 \u00a0 \u00a0 \u00a0 \u00a0<\/strong>Descargar Excel<\/p>\n<\/div><\/div><\/div><\/div><\/div><\/div><div class=\"g-cols wpb_row type_default valign_top vc_inner  vc_custom_1532460423997\"><div class=\"vc_col-sm-6 wpb_column vc_column_container\"><div class=\"vc_column-inner\"><div class=\"wpb_wrapper\"><div id=\"ultimate-heading-394869e0664d6cfeb\" class=\"uvc-heading ult-adjust-bottom-margin ultimate-heading-394869e0664d6cfeb uvc-7625 \" data-hspacer=\"line_only\"  data-halign=\"left\" style=\"text-align:left\"><div class=\"uvc-heading-spacer line_only\" style=\"margin-top:10px;height:1px;\"><span class=\"uvc-headings-line\" style=\"border-style:solid;border-bottom-width:1px;border-color:#ccc;width:autopx;\"><\/span><\/div><div class=\"uvc-sub-heading ult-responsive\"  data-ultimate-target='.uvc-heading.ultimate-heading-394869e0664d6cfeb .uvc-sub-heading '  data-responsive-json-new='{\"font-size\":\"\",\"line-height\":\"\"}'  style=\"font-weight:normal;\">\n<p style=\"text-align: left;\"><strong>MediaKit &#8211; Slider\u00a0 \u00a0 \u00a0 \u00a0 \u00a0 \u00a0 \u00a0 \u00a0 \u00a0 \u00a0 \u00a0 \u00a0 \u00a0 \u00a0 \u00a0 \u00a0 \u00a0 \u00a0 \u00a0 \u00a0 \u00a0 \u00a0<\/strong>Descargar Excel<\/p>\n<\/div><\/div><\/div><\/div><\/div><div class=\"vc_col-sm-6 wpb_column vc_column_container\"><div class=\"vc_column-inner\"><div class=\"wpb_wrapper\"><div id=\"ultimate-heading-273269e0664d6d048\" class=\"uvc-heading ult-adjust-bottom-margin ultimate-heading-273269e0664d6d048 uvc-5843 \" data-hspacer=\"line_only\"  data-halign=\"left\" style=\"text-align:left\"><div class=\"uvc-heading-spacer line_only\" style=\"margin-top:10px;height:1px;\"><span class=\"uvc-headings-line\" style=\"border-style:solid;border-bottom-width:1px;border-color:#ccc;width:autopx;\"><\/span><\/div><div class=\"uvc-sub-heading ult-responsive\"  data-ultimate-target='.uvc-heading.ultimate-heading-273269e0664d6d048 .uvc-sub-heading '  data-responsive-json-new='{\"font-size\":\"\",\"line-height\":\"\"}'  style=\"font-weight:normal;\">\n<p style=\"text-align: left;\"><strong>MediaKit &#8211; Slider\u00a0 \u00a0 \u00a0 \u00a0 \u00a0 \u00a0 \u00a0 \u00a0 \u00a0 \u00a0 \u00a0 \u00a0 \u00a0 \u00a0 \u00a0 \u00a0 \u00a0 \u00a0 \u00a0 \u00a0 \u00a0 \u00a0<\/strong>Descargar Excel<\/p>\n<\/div><\/div><\/div><\/div><\/div><\/div><div class=\"w-separator type_invisible size_large\"><\/div><\/div><\/div><\/div><\/div><\/div><\/section><section class=\"l-section wpb_row height_small\"><div class=\"l-section-h i-cf\"><div class=\"g-cols vc_row type_default valign_middle\"><div class=\"vc_col-sm-6 wpb_column vc_column_container\"><div class=\"vc_column-inner color_custom\" style=\"color:#ffffff;\"><div class=\"wpb_wrapper\">\r\n\t<div class=\"wpb_text_column \">\r\n\t\t<div class=\"wpb_wrapper\">\r\n\t\t\t<h3>BigBanner<\/h3>\n\r\n\t\t<\/div>\r\n\t<\/div>\r\n<\/div><\/div><\/div><div class=\"vc_col-sm-6 wpb_column vc_column_container\"><div class=\"vc_column-inner color_custom\" style=\"color:#ffffff;\"><div class=\"wpb_wrapper\">\r\n\t<div class=\"wpb_text_column \">\r\n\t\t<div class=\"wpb_wrapper\">\r\n\t\t\t<h3>Revista Choapa<\/h3>\n\r\n\t\t<\/div>\r\n\t<\/div>\r\n<\/div><\/div><\/div><\/div><\/div><\/section><!-- Row Backgrounds --><div class=\"upb_grad\" data-grad=\"background: -webkit-gradient(linear, left top, left bottom, color-stop(0%, #311E51), color-stop(100%, #642D56));background: -moz-linear-gradient(left,#311E51 0%,#642D56 100%);background: -webkit-linear-gradient(left,#311E51 0%,#642D56 100%);background: -o-linear-gradient(left,#311E51 0%,#642D56 100%);background: -ms-linear-gradient(left,#311E51 0%,#642D56 100%);background: linear-gradient(left,#311E51 0%,#642D56 100%);\" data-bg-override=\"0\" data-upb-overlay-color=\"\" data-upb-bg-animation=\"\" data-fadeout=\"\" data-fadeout-percentage=\"30\" data-parallax-content=\"\" data-parallax-content-sense=\"30\" data-row-effect-mobile-disable=\"true\" data-img-parallax-mobile-disable=\"true\" data-rtl=\"false\"  data-custom-vc-row=\"\"  data-vc=\"5.5.2\"  data-is_old_vc=\"\"  data-theme-support=\"\"   data-overlay=\"false\" data-overlay-color=\"\" data-overlay-pattern=\"\" data-overlay-pattern-opacity=\"\" data-overlay-pattern-size=\"\"    ><\/div><section class=\"l-section wpb_row height_medium\"><div class=\"l-section-h i-cf\"><div class=\"g-cols vc_row type_default valign_top\"><div class=\"vc_col-sm-6 wpb_column vc_column_container\"><div class=\"vc_column-inner\"><div class=\"wpb_wrapper\">\r\n\t<div class=\"wpb_text_column \">\r\n\t\t<div class=\"wpb_wrapper\">\r\n\t\t\t<table class=\"table table-condensed\">\n<tbody>\n<tr>\n<th>Formato:<\/th>\n<td>html5, jpg o gif animado<\/td>\n<\/tr>\n<tr>\n<th>Peso:<\/th>\n<td>130kb html5 &#8211; 70kb jpg o gif<\/td>\n<\/tr>\n<tr>\n<th>Sitios:<\/th>\n<td>Guias Comerciales<\/td>\n<\/tr>\n<tr>\n<th>Dispositivos:<\/th>\n<td>Desktop y Tablet<\/td>\n<\/tr>\n<tr>\n<th>Dimensiones:<\/th>\n<td>728&#215;90<\/td>\n<\/tr>\n<\/tbody>\n<\/table>\n\r\n\t\t<\/div>\r\n\t<\/div>\r\n<\/div><\/div><\/div><div class=\"vc_col-sm-6 wpb_column vc_column_container\"><div class=\"vc_column-inner\"><div class=\"wpb_wrapper\">\r\n\t<div class=\"wpb_text_column \">\r\n\t\t<div class=\"wpb_wrapper\">\r\n\t\t\t<table class=\"table table-condensed\">\n<tbody>\n<tr>\n<th>Formato:<\/th>\n<td>html5, jpg o gif animado<\/td>\n<\/tr>\n<tr>\n<th>Peso:<\/th>\n<td>130kb html5 &#8211; 70kb jpg o gif<\/td>\n<\/tr>\n<tr>\n<th>Sitios:<\/th>\n<td>Guias Comerciales<\/td>\n<\/tr>\n<tr>\n<th>Dispositivos:<\/th>\n<td>Desktop y Tablet<\/td>\n<\/tr>\n<tr>\n<th>Dimensiones:<\/th>\n<td>728&#215;90<\/td>\n<\/tr>\n<\/tbody>\n<\/table>\n\r\n\t\t<\/div>\r\n\t<\/div>\r\n<\/div><\/div><\/div><\/div><\/div><\/section>\n","protected":false},"excerpt":{"rendered":"Requisitos importantes Reportes:\u00a0Para la solicitud\u00a0 de reportes, deben ser solicitados a su ejecutiv@ comercial. * El horario de env\u00edo de piezas es hasta las 17:00hrs para su revisi\u00f3n, de lo contrario la campa\u00f1a se subir\u00e1 al siguiente d\u00eda h\u00e1bil. * Por temas de seguridad de la informaci\u00f3n es recomendable enviar creatividades por wetransfer u otro...","protected":false},"author":1,"featured_media":0,"parent":0,"menu_order":0,"comment_status":"closed","ping_status":"closed","template":"","meta":[],"_links":{"self":[{"href":"https:\/\/salamancabusca.cl\/mediakit\/wp-json\/wp\/v2\/pages\/3169"}],"collection":[{"href":"https:\/\/salamancabusca.cl\/mediakit\/wp-json\/wp\/v2\/pages"}],"about":[{"href":"https:\/\/salamancabusca.cl\/mediakit\/wp-json\/wp\/v2\/types\/page"}],"author":[{"embeddable":true,"href":"https:\/\/salamancabusca.cl\/mediakit\/wp-json\/wp\/v2\/users\/1"}],"replies":[{"embeddable":true,"href":"https:\/\/salamancabusca.cl\/mediakit\/wp-json\/wp\/v2\/comments?post=3169"}],"version-history":[{"count":3,"href":"https:\/\/salamancabusca.cl\/mediakit\/wp-json\/wp\/v2\/pages\/3169\/revisions"}],"predecessor-version":[{"id":3294,"href":"https:\/\/salamancabusca.cl\/mediakit\/wp-json\/wp\/v2\/pages\/3169\/revisions\/3294"}],"wp:attachment":[{"href":"https:\/\/salamancabusca.cl\/mediakit\/wp-json\/wp\/v2\/media?parent=3169"}],"curies":[{"name":"wp","href":"https:\/\/api.w.org\/{rel}","templated":true}]}}