{"id":3167,"date":"2018-07-24T23:39:57","date_gmt":"2018-07-24T23:39:57","guid":{"rendered":"https:\/\/salamancabusca.cl\/mediakit\/?page_id=3167"},"modified":"2019-11-05T00:53:33","modified_gmt":"2019-11-05T00:53:33","slug":"guias-comerciales","status":"publish","type":"page","link":"https:\/\/salamancabusca.cl\/mediakit\/guias-comerciales\/","title":{"rendered":"Gu\u00edas Comerciales Online"},"content":{"rendered":"<section class=\"l-section wpb_row height_small\" id=\"requisitos\"><div class=\"l-section-h i-cf\"><div class=\"g-cols vc_row type_default valign_middle\"><div class=\"vc_col-sm-12 wpb_column vc_column_container\"><div class=\"vc_column-inner color_custom\" style=\"color:#ffffff;\"><div class=\"wpb_wrapper\">\r\n\t<div class=\"wpb_text_column \">\r\n\t\t<div class=\"wpb_wrapper\">\r\n\t\t\t<h3>Requisitos importantes<\/h3>\n\r\n\t\t<\/div>\r\n\t<\/div>\r\n<\/div><\/div><\/div><\/div><\/div><\/section><!-- Row Backgrounds --><div class=\"upb_grad\" data-grad=\"background: -webkit-gradient(linear, left top, left bottom, color-stop(0%, #311E51), color-stop(100%, #642D56));background: -moz-linear-gradient(left,#311E51 0%,#642D56 100%);background: -webkit-linear-gradient(left,#311E51 0%,#642D56 100%);background: -o-linear-gradient(left,#311E51 0%,#642D56 100%);background: -ms-linear-gradient(left,#311E51 0%,#642D56 100%);background: linear-gradient(left,#311E51 0%,#642D56 100%);\" data-bg-override=\"0\" data-upb-overlay-color=\"\" data-upb-bg-animation=\"\" data-fadeout=\"\" data-fadeout-percentage=\"30\" data-parallax-content=\"\" data-parallax-content-sense=\"30\" data-row-effect-mobile-disable=\"true\" data-img-parallax-mobile-disable=\"true\" data-rtl=\"false\"  data-custom-vc-row=\"\"  data-vc=\"5.5.2\"  data-is_old_vc=\"\"  data-theme-support=\"\"   data-overlay=\"false\" data-overlay-color=\"\" data-overlay-pattern=\"\" data-overlay-pattern-opacity=\"\" data-overlay-pattern-size=\"\"    ><\/div><section class=\"l-section wpb_row height_small\" id=\"features\"><div class=\"l-section-h i-cf\"><div class=\"g-cols vc_row type_default valign_middle\"><div class=\"vc_col-sm-12 wpb_column vc_column_container\"><div class=\"vc_column-inner color_custom\" style=\"color:#0a0a0a;\"><div class=\"wpb_wrapper\">\r\n\t<div class=\"wpb_text_column \">\r\n\t\t<div class=\"wpb_wrapper\">\r\n\t\t\t<p>* El horario de env\u00edo de piezas es hasta las 18:00hrs para su revisi\u00f3n, de lo contrario la campa\u00f1a se subir\u00e1 al siguiente d\u00eda h\u00e1bil.<\/p>\n<p>* Los Costos de Los Productos deben de pedirse a: clientes@salamancabusca.cl, clientes@illapelbusca.cl o al tel\u00e9fono de WhatsApp +56977569575 (Salom\u00f3n N\u00fa\u00f1ez, Ejecutivo de Venta)<\/p>\n<p>* Por temas de seguridad de la informaci\u00f3n es recomendable enviar creatividades por wetransfer u otro gestor de archivos v\u00eda web. Los formatos en Html5 deben ser enviados por lo menos con 24 horas de anticipaci\u00f3n para su revisi\u00f3n.<\/p>\n<p><strong>Cumplir con estos requerimientos permite poder revisar, corregir e implementar de mejor manera sus campa\u00f1as.<\/strong><\/p>\n\r\n\t\t<\/div>\r\n\t<\/div>\r\n<div class=\"w-separator type_invisible size_large\"><\/div><\/div><\/div><\/div><\/div><\/div><\/section><section class=\"l-section wpb_row height_small\"><div class=\"l-section-h i-cf\"><div class=\"g-cols vc_row type_default valign_top\"><div class=\"vc_col-sm-12 wpb_column vc_column_container\"><div class=\"vc_column-inner color_custom\" style=\"color:#ffffff;\"><div class=\"wpb_wrapper\">\r\n\t<div class=\"wpb_text_column \">\r\n\t\t<div class=\"wpb_wrapper\">\r\n\t\t\t<h3>Aviso en Categor\u00eda<\/h3>\n\r\n\t\t<\/div>\r\n\t<\/div>\r\n<\/div><\/div><\/div><\/div><\/div><\/section><!-- Row Backgrounds --><div class=\"upb_grad\" data-grad=\"background: -webkit-gradient(linear, left top, left bottom, color-stop(0%, #311E51), color-stop(100%, #642D56));background: -moz-linear-gradient(left,#311E51 0%,#642D56 100%);background: -webkit-linear-gradient(left,#311E51 0%,#642D56 100%);background: -o-linear-gradient(left,#311E51 0%,#642D56 100%);background: -ms-linear-gradient(left,#311E51 0%,#642D56 100%);background: linear-gradient(left,#311E51 0%,#642D56 100%);\" data-bg-override=\"0\" data-upb-overlay-color=\"\" data-upb-bg-animation=\"\" data-fadeout=\"\" data-fadeout-percentage=\"30\" data-parallax-content=\"\" data-parallax-content-sense=\"30\" data-row-effect-mobile-disable=\"true\" data-img-parallax-mobile-disable=\"true\" data-rtl=\"false\"  data-custom-vc-row=\"\"  data-vc=\"5.5.2\"  data-is_old_vc=\"\"  data-theme-support=\"\"   data-overlay=\"false\" data-overlay-color=\"\" data-overlay-pattern=\"\" data-overlay-pattern-opacity=\"\" data-overlay-pattern-size=\"\"    ><\/div><section class=\"l-section wpb_row height_medium\"><div class=\"l-section-h i-cf\"><div class=\"g-cols vc_row type_default valign_middle\"><div class=\"vc_col-sm-12 wpb_column vc_column_container\"><div class=\"vc_column-inner\"><div class=\"wpb_wrapper\">\r\n\t<div class=\"wpb_text_column \">\r\n\t\t<div class=\"wpb_wrapper\">\r\n\t\t\t<p><span style=\"color: #000000;\"><strong>ES UN AVISO PUBLICITARIO DE UN DETERMINADO LOCAL COMERCIAL O SERVICIOS DE UN PROFESIONAL,<\/strong><\/span><br \/>\n<span style=\"color: #000000;\">(ESTOS AVISOS SE ORDENAN POR CATEGOR\u00cdA EN NUESTRO SITIO WEB PARA QUE EN EL BUSCADOR PUEDAN SER<\/span><br \/>\n<span style=\"color: #000000;\">ENCONTRADO MAS F\u00c1CILMENTE)<\/span><\/p>\n<p><span style=\"color: #000000;\"><strong>ESTE AVISO CONTIENE:<\/strong><\/span><br \/>\n<span style=\"color: #000000;\">1) T\u00edtulo del Local Comercial o nombre de fantas\u00eda de un servicio profesional.<\/span><br \/>\n<span style=\"color: #000000;\">2) La Descripci\u00f3n escrita del local comercial o servicios de un profesional.<\/span><br \/>\n<span style=\"color: #000000;\">3) Fotos del local comercial o servicios de un profesional.<\/span><br \/>\n<span style=\"color: #000000;\">4) Se Agrega los Servicios del Local comercial o servicios del profesional.<\/span><br \/>\n<span style=\"color: #000000;\">5) Mapa de Google Maps conforme a la direcci\u00f3n del local comercial o servicios.<\/span><br \/>\n<span style=\"color: #000000;\">6) Se agrega la informaci\u00f3n de contacto: Direcci\u00f3n, horario de atenci\u00f3n, sitio web,<\/span><br \/>\n<span style=\"color: #000000;\">correo electr\u00f3nico.<\/span><\/p>\n<p style=\"text-align: right;\"><a href=\"https:\/\/www.salamancabusca.cl\/item\/restaurante-marino-en-salamanca-chile-restaurant-de-barrio-puerto\/\" target=\"_blank\" rel=\"noopener\"><strong>VER DEMO<\/strong><\/a><\/p>\n\r\n\t\t<\/div>\r\n\t<\/div>\r\n<\/div><\/div><\/div><\/div><\/div><\/section><section class=\"l-section wpb_row height_small\"><div class=\"l-section-h i-cf\"><div class=\"g-cols vc_row type_default valign_top\"><div class=\"vc_col-sm-12 wpb_column vc_column_container\"><div class=\"vc_column-inner color_custom\" style=\"color:#ffffff;\"><div class=\"wpb_wrapper\">\r\n\t<div class=\"wpb_text_column \">\r\n\t\t<div class=\"wpb_wrapper\">\r\n\t\t\t<h3>Big Sliders 1440&#215;480<\/h3>\n\r\n\t\t<\/div>\r\n\t<\/div>\r\n<\/div><\/div><\/div><\/div><\/div><\/section><!-- Row Backgrounds --><div class=\"upb_grad\" data-grad=\"background: -webkit-gradient(linear, left top, left bottom, color-stop(0%, #311E51), color-stop(100%, #642D56));background: -moz-linear-gradient(left,#311E51 0%,#642D56 100%);background: -webkit-linear-gradient(left,#311E51 0%,#642D56 100%);background: -o-linear-gradient(left,#311E51 0%,#642D56 100%);background: -ms-linear-gradient(left,#311E51 0%,#642D56 100%);background: linear-gradient(left,#311E51 0%,#642D56 100%);\" data-bg-override=\"0\" data-upb-overlay-color=\"\" data-upb-bg-animation=\"\" data-fadeout=\"\" data-fadeout-percentage=\"30\" data-parallax-content=\"\" data-parallax-content-sense=\"30\" data-row-effect-mobile-disable=\"true\" data-img-parallax-mobile-disable=\"true\" data-rtl=\"false\"  data-custom-vc-row=\"\"  data-vc=\"5.5.2\"  data-is_old_vc=\"\"  data-theme-support=\"\"   data-overlay=\"false\" data-overlay-color=\"\" data-overlay-pattern=\"\" data-overlay-pattern-opacity=\"\" data-overlay-pattern-size=\"\"    ><\/div><section class=\"l-section wpb_row height_medium\"><div class=\"l-section-h i-cf\"><div class=\"g-cols vc_row type_default valign_middle\"><div class=\"vc_col-sm-12 wpb_column vc_column_container\"><div class=\"vc_column-inner\"><div class=\"wpb_wrapper\">\r\n\t<div class=\"wpb_text_column \">\r\n\t\t<div class=\"wpb_wrapper\">\r\n\t\t\t<table class=\"table table-condensed\">\n<tbody>\n<tr>\n<th>Formato:<\/th>\n<td>PNG<\/td>\n<\/tr>\n<tr>\n<th>Peso:<\/th>\n<td>270 &#8211; 300 KB\u00a0 PNG<\/td>\n<\/tr>\n<tr>\n<th>Sitios:<\/th>\n<td>Guias Comerciales Online<\/td>\n<\/tr>\n<tr>\n<th>Dispositivos:<\/th>\n<td>Desktop, Tablet, Smartphone y otros<\/td>\n<\/tr>\n<tr>\n<th>Dimensiones:<\/th>\n<td>1440&#215;480<\/td>\n<\/tr>\n<\/tbody>\n<\/table>\n<p style=\"text-align: right;\"><strong><a ref=\"magnificPopup\" href=\"https:\/\/www.salamancabusca.cl\/wp-content\/uploads\/2016\/07\/Sliders-Salamanca-Busca2-min.png\" target=\"_blank\" rel=\"noopener\">VER DEMO<\/a><\/strong><\/p>\n\r\n\t\t<\/div>\r\n\t<\/div>\r\n<\/div><\/div><\/div><\/div><\/div><\/section><section class=\"l-section wpb_row height_small\"><div class=\"l-section-h i-cf\"><div class=\"g-cols vc_row type_default valign_middle\"><div class=\"vc_col-sm-12 wpb_column vc_column_container\"><div class=\"vc_column-inner color_custom\" style=\"color:#ffffff;\"><div class=\"wpb_wrapper\">\r\n\t<div class=\"wpb_text_column \">\r\n\t\t<div class=\"wpb_wrapper\">\r\n\t\t\t<h3>Big Ads 400&#215;110<\/h3>\n\r\n\t\t<\/div>\r\n\t<\/div>\r\n<\/div><\/div><\/div><\/div><\/div><\/section><!-- Row Backgrounds --><div class=\"upb_grad\" data-grad=\"background: -webkit-gradient(linear, left top, left bottom, color-stop(0%, #311E51), color-stop(100%, #642D56));background: -moz-linear-gradient(left,#311E51 0%,#642D56 100%);background: -webkit-linear-gradient(left,#311E51 0%,#642D56 100%);background: -o-linear-gradient(left,#311E51 0%,#642D56 100%);background: -ms-linear-gradient(left,#311E51 0%,#642D56 100%);background: linear-gradient(left,#311E51 0%,#642D56 100%);\" data-bg-override=\"0\" data-upb-overlay-color=\"\" data-upb-bg-animation=\"\" data-fadeout=\"\" data-fadeout-percentage=\"30\" data-parallax-content=\"\" data-parallax-content-sense=\"30\" data-row-effect-mobile-disable=\"true\" data-img-parallax-mobile-disable=\"true\" data-rtl=\"false\"  data-custom-vc-row=\"\"  data-vc=\"5.5.2\"  data-is_old_vc=\"\"  data-theme-support=\"\"   data-overlay=\"false\" data-overlay-color=\"\" data-overlay-pattern=\"\" data-overlay-pattern-opacity=\"\" data-overlay-pattern-size=\"\"    ><\/div><section class=\"l-section wpb_row height_medium\"><div class=\"l-section-h i-cf\"><div class=\"g-cols vc_row type_default valign_top\"><div class=\"vc_col-sm-12 wpb_column vc_column_container\"><div class=\"vc_column-inner\"><div class=\"wpb_wrapper\">\r\n\t<div class=\"wpb_text_column \">\r\n\t\t<div class=\"wpb_wrapper\">\r\n\t\t\t<table class=\"table table-condensed\">\n<tbody>\n<tr>\n<th>Formato:<\/th>\n<td>PNG<\/td>\n<\/tr>\n<tr>\n<th>Peso:<\/th>\n<td>120 &#8211; 140 KB\u00a0 PNG<\/td>\n<\/tr>\n<tr>\n<th>Sitios:<\/th>\n<td>Guias Comerciales Online<\/td>\n<\/tr>\n<tr>\n<th>Dispositivos:<\/th>\n<td>Desktop, Tablet, Smartphone y otros<\/td>\n<\/tr>\n<tr>\n<th>Dimensiones:<\/th>\n<td>400&#215;110<\/td>\n<\/tr>\n<\/tbody>\n<\/table>\n<p style=\"text-align: right;\"><strong><a ref=\"magnificPopup\" href=\"https:\/\/www.salamancabusca.cl\/wp-content\/uploads\/2016\/07\/Ads-virginia-sb.png\" target=\"_blank\" rel=\"noopener\">VER DEMO<\/a><\/strong><\/p>\n\r\n\t\t<\/div>\r\n\t<\/div>\r\n<\/div><\/div><\/div><\/div><\/div><\/section><section class=\"l-section wpb_row height_small\"><div class=\"l-section-h i-cf\"><div class=\"g-cols vc_row type_default valign_middle\"><div class=\"vc_col-sm-12 wpb_column vc_column_container\"><div class=\"vc_column-inner color_custom\" style=\"color:#ffffff;\"><div class=\"wpb_wrapper\">\r\n\t<div class=\"wpb_text_column \">\r\n\t\t<div class=\"wpb_wrapper\">\r\n\t\t\t<h3>Big Ads 400&#215;350<\/h3>\n\r\n\t\t<\/div>\r\n\t<\/div>\r\n<\/div><\/div><\/div><\/div><\/div><\/section><!-- Row Backgrounds --><div class=\"upb_grad\" data-grad=\"background: -webkit-gradient(linear, left top, left bottom, color-stop(0%, #311E51), color-stop(100%, #642D56));background: -moz-linear-gradient(left,#311E51 0%,#642D56 100%);background: -webkit-linear-gradient(left,#311E51 0%,#642D56 100%);background: -o-linear-gradient(left,#311E51 0%,#642D56 100%);background: -ms-linear-gradient(left,#311E51 0%,#642D56 100%);background: linear-gradient(left,#311E51 0%,#642D56 100%);\" data-bg-override=\"0\" data-upb-overlay-color=\"\" data-upb-bg-animation=\"\" data-fadeout=\"\" data-fadeout-percentage=\"30\" data-parallax-content=\"\" data-parallax-content-sense=\"30\" data-row-effect-mobile-disable=\"true\" data-img-parallax-mobile-disable=\"true\" data-rtl=\"false\"  data-custom-vc-row=\"\"  data-vc=\"5.5.2\"  data-is_old_vc=\"\"  data-theme-support=\"\"   data-overlay=\"false\" data-overlay-color=\"\" data-overlay-pattern=\"\" data-overlay-pattern-opacity=\"\" data-overlay-pattern-size=\"\"    ><\/div><section class=\"l-section wpb_row height_medium\"><div class=\"l-section-h i-cf\"><div class=\"g-cols vc_row type_default valign_top\"><div class=\"vc_col-sm-12 wpb_column vc_column_container\"><div class=\"vc_column-inner\"><div class=\"wpb_wrapper\">\r\n\t<div class=\"wpb_text_column \">\r\n\t\t<div class=\"wpb_wrapper\">\r\n\t\t\t<table class=\"table table-condensed\">\n<tbody>\n<tr>\n<th>Formato:<\/th>\n<td>PNG<\/td>\n<\/tr>\n<tr>\n<th>Peso:<\/th>\n<td>70 &#8211; 90 KB\u00a0 PNG<\/td>\n<\/tr>\n<tr>\n<th>Sitios:<\/th>\n<td>Guias Comerciales Online<\/td>\n<\/tr>\n<tr>\n<th>Dispositivos:<\/th>\n<td>Desktop, Tablet, Smartphone y otros<\/td>\n<\/tr>\n<tr>\n<th>Dimensiones:<\/th>\n<td>400&#215;350<\/td>\n<\/tr>\n<\/tbody>\n<\/table>\n<p style=\"text-align: right;\"><a ref=\"magnificPopup\" href=\"https:\/\/salamancabusca.cl\/mediakit\/wp-content\/uploads\/2019\/11\/Ads-Arriendo-de-Toldos-Salamanca-Chile-Toldos-Manquehue.png\" target=\"_blank\" rel=\"noopener\"><strong>VER DEMO<\/strong><\/a><\/p>\n\r\n\t\t<\/div>\r\n\t<\/div>\r\n<\/div><\/div><\/div><\/div><\/div><\/section><section class=\"l-section wpb_row height_small\"><div class=\"l-section-h i-cf\"><div class=\"g-cols vc_row type_default valign_middle\"><div class=\"vc_col-sm-12 wpb_column vc_column_container\"><div class=\"vc_column-inner color_custom\" style=\"color:#ffffff;\"><div class=\"wpb_wrapper\">\r\n\t<div class=\"wpb_text_column \">\r\n\t\t<div class=\"wpb_wrapper\">\r\n\t\t\t<h3>Big Banner en Categor\u00eda 970&#215;150<\/h3>\n\r\n\t\t<\/div>\r\n\t<\/div>\r\n<\/div><\/div><\/div><\/div><\/div><\/section><!-- Row Backgrounds --><div class=\"upb_grad\" data-grad=\"background: -webkit-gradient(linear, left top, left bottom, color-stop(0%, #311E51), color-stop(100%, #642D56));background: -moz-linear-gradient(left,#311E51 0%,#642D56 100%);background: -webkit-linear-gradient(left,#311E51 0%,#642D56 100%);background: -o-linear-gradient(left,#311E51 0%,#642D56 100%);background: -ms-linear-gradient(left,#311E51 0%,#642D56 100%);background: linear-gradient(left,#311E51 0%,#642D56 100%);\" data-bg-override=\"0\" data-upb-overlay-color=\"\" data-upb-bg-animation=\"\" data-fadeout=\"\" data-fadeout-percentage=\"30\" data-parallax-content=\"\" data-parallax-content-sense=\"30\" data-row-effect-mobile-disable=\"true\" data-img-parallax-mobile-disable=\"true\" data-rtl=\"false\"  data-custom-vc-row=\"\"  data-vc=\"5.5.2\"  data-is_old_vc=\"\"  data-theme-support=\"\"   data-overlay=\"false\" data-overlay-color=\"\" data-overlay-pattern=\"\" data-overlay-pattern-opacity=\"\" data-overlay-pattern-size=\"\"    ><\/div><section class=\"l-section wpb_row height_medium\"><div class=\"l-section-h i-cf\"><div class=\"g-cols vc_row type_default valign_top\"><div class=\"vc_col-sm-12 wpb_column vc_column_container\"><div class=\"vc_column-inner\"><div class=\"wpb_wrapper\">\r\n\t<div class=\"wpb_text_column \">\r\n\t\t<div class=\"wpb_wrapper\">\r\n\t\t\t<table class=\"table table-condensed\">\n<tbody>\n<tr>\n<th>Formato:<\/th>\n<td>PNG<\/td>\n<\/tr>\n<tr>\n<th>Peso:<\/th>\n<td>212 KB\u00a0 PNG<\/td>\n<\/tr>\n<tr>\n<th>Sitios:<\/th>\n<td>Guias Comerciales Online<\/td>\n<\/tr>\n<tr>\n<th>Dispositivos:<\/th>\n<td>Desktop, Tablet, Smartphone y otros<\/td>\n<\/tr>\n<tr>\n<th>Dimensiones:<\/th>\n<td>970&#215;150<\/td>\n<\/tr>\n<\/tbody>\n<\/table>\n<p style=\"text-align: right;\"><a ref=\"magnificPopup\" href=\"https:\/\/salamancabusca.cl\/mediakit\/wp-content\/uploads\/2019\/11\/banner-abajo-2.png\" target=\"_blank\" rel=\"noopener\"><strong>VER DEMO<\/strong><\/a><\/p>\n\r\n\t\t<\/div>\r\n\t<\/div>\r\n<\/div><\/div><\/div><\/div><\/div><\/section>\n","protected":false},"excerpt":{"rendered":"Requisitos importantes * El horario de env\u00edo de piezas es hasta las 18:00hrs para su revisi\u00f3n, de lo contrario la campa\u00f1a se subir\u00e1 al siguiente d\u00eda h\u00e1bil. * Los Costos de Los Productos deben de pedirse a: clientes@salamancabusca.cl, clientes@illapelbusca.cl o al tel\u00e9fono de WhatsApp +56977569575 (Salom\u00f3n N\u00fa\u00f1ez, Ejecutivo de Venta) * Por temas de seguridad...","protected":false},"author":1,"featured_media":0,"parent":0,"menu_order":0,"comment_status":"closed","ping_status":"closed","template":"","meta":[],"_links":{"self":[{"href":"https:\/\/salamancabusca.cl\/mediakit\/wp-json\/wp\/v2\/pages\/3167"}],"collection":[{"href":"https:\/\/salamancabusca.cl\/mediakit\/wp-json\/wp\/v2\/pages"}],"about":[{"href":"https:\/\/salamancabusca.cl\/mediakit\/wp-json\/wp\/v2\/types\/page"}],"author":[{"embeddable":true,"href":"https:\/\/salamancabusca.cl\/mediakit\/wp-json\/wp\/v2\/users\/1"}],"replies":[{"embeddable":true,"href":"https:\/\/salamancabusca.cl\/mediakit\/wp-json\/wp\/v2\/comments?post=3167"}],"version-history":[{"count":47,"href":"https:\/\/salamancabusca.cl\/mediakit\/wp-json\/wp\/v2\/pages\/3167\/revisions"}],"predecessor-version":[{"id":3284,"href":"https:\/\/salamancabusca.cl\/mediakit\/wp-json\/wp\/v2\/pages\/3167\/revisions\/3284"}],"wp:attachment":[{"href":"https:\/\/salamancabusca.cl\/mediakit\/wp-json\/wp\/v2\/media?parent=3167"}],"curies":[{"name":"wp","href":"https:\/\/api.w.org\/{rel}","templated":true}]}}