{"id":3163,"date":"2018-07-24T22:05:35","date_gmt":"2018-07-24T22:05:35","guid":{"rendered":"https:\/\/salamancabusca.cl\/mediakit\/?page_id=3163"},"modified":"2019-11-05T02:25:04","modified_gmt":"2019-11-05T02:25:04","slug":"revista-choapa","status":"publish","type":"page","link":"https:\/\/salamancabusca.cl\/mediakit\/revista-choapa\/","title":{"rendered":"Zona Tv"},"content":{"rendered":"<section class=\"l-section wpb_row height_small\" id=\"requisitos\"><div class=\"l-section-h i-cf\"><div class=\"g-cols vc_row type_default valign_middle\"><div class=\"vc_col-sm-12 wpb_column vc_column_container\"><div class=\"vc_column-inner color_custom\" style=\"color:#ffffff;\"><div class=\"wpb_wrapper\">\r\n\t<div class=\"wpb_text_column \">\r\n\t\t<div class=\"wpb_wrapper\">\r\n\t\t\t<h3><strong>SPOTS VIDEO<\/strong><\/h3>\n\r\n\t\t<\/div>\r\n\t<\/div>\r\n\r\n\t<div class=\"wpb_text_column \">\r\n\t\t<div class=\"wpb_wrapper\">\r\n\t\t\t<h3>Requisitos importantes<\/h3>\n\r\n\t\t<\/div>\r\n\t<\/div>\r\n<\/div><\/div><\/div><\/div><\/div><\/section><!-- Row Backgrounds --><div class=\"upb_grad\" data-grad=\"background: -webkit-gradient(linear, left top, left bottom, color-stop(0%, #311E51), color-stop(100%, #642D56));background: -moz-linear-gradient(left,#311E51 0%,#642D56 100%);background: -webkit-linear-gradient(left,#311E51 0%,#642D56 100%);background: -o-linear-gradient(left,#311E51 0%,#642D56 100%);background: -ms-linear-gradient(left,#311E51 0%,#642D56 100%);background: linear-gradient(left,#311E51 0%,#642D56 100%);\" data-bg-override=\"0\" data-upb-overlay-color=\"\" data-upb-bg-animation=\"\" data-fadeout=\"\" data-fadeout-percentage=\"30\" data-parallax-content=\"\" data-parallax-content-sense=\"30\" data-row-effect-mobile-disable=\"true\" data-img-parallax-mobile-disable=\"true\" data-rtl=\"false\"  data-custom-vc-row=\"\"  data-vc=\"5.5.2\"  data-is_old_vc=\"\"  data-theme-support=\"\"   data-overlay=\"false\" data-overlay-color=\"\" data-overlay-pattern=\"\" data-overlay-pattern-opacity=\"\" data-overlay-pattern-size=\"\"    ><\/div><section class=\"l-section wpb_row height_small\" id=\"features\"><div class=\"l-section-h i-cf\"><div class=\"g-cols vc_row type_default valign_middle\"><div class=\"vc_col-sm-12 wpb_column vc_column_container\"><div class=\"vc_column-inner color_custom\" style=\"color:#0a0a0a;\"><div class=\"wpb_wrapper\">\r\n\t<div class=\"wpb_text_column \">\r\n\t\t<div class=\"wpb_wrapper\">\r\n\t\t\t<p>Reportes:\u00a0Para la solicitud\u00a0 de reportes, deben ser solicitados a su ejecutiv@ comercial.<\/p>\n<p>* El horario de env\u00edo de piezas es hasta las 17:00hrs para su revisi\u00f3n, de lo contrario la campa\u00f1a se subir\u00e1 al siguiente d\u00eda h\u00e1bil.<\/p>\n<p>* Los costos de los productos deben de solicitarse al mail: clientes@salamancabusca.cl<\/p>\n<p>* Por temas de seguridad de la informaci\u00f3n es recomendable enviar creatividades por <strong><a href=\"https:\/\/wetransfer.com\/\" target=\"_blank\" rel=\"noopener\">wetransfer<\/a> <\/strong>u otro gestor de archivos v\u00eda web. Los formatos en Html5 deben ser enviados por lo menos con 24 horas de anticipaci\u00f3n para su revisi\u00f3n.<\/p>\n<p><strong>Cumplir con estos requerimientos permite poder revisar, corregir e implementar de mejor manera sus campa\u00f1as.<\/strong><\/p>\n\r\n\t\t<\/div>\r\n\t<\/div>\r\n<div class=\"w-separator type_invisible size_large\"><\/div><\/div><\/div><\/div><\/div><\/div><\/section><section class=\"l-section wpb_row height_small\"><div class=\"l-section-h i-cf\"><div class=\"g-cols vc_row type_default valign_middle\"><div class=\"vc_col-sm-12 wpb_column vc_column_container\"><div class=\"vc_column-inner color_custom\" style=\"color:#ffffff;\"><div class=\"wpb_wrapper\">\r\n\t<div class=\"wpb_text_column \">\r\n\t\t<div class=\"wpb_wrapper\">\r\n\t\t\t<h3>MidRoll<\/h3>\n<div id=\"video_player_midroll\" class=\"jwplayer playlist-none jw-user-inactive\" tabindex=\"0\"><\/div>\n\r\n\t\t<\/div>\r\n\t<\/div>\r\n<\/div><\/div><\/div><\/div><\/div><\/section><!-- Row Backgrounds --><div class=\"upb_grad\" data-grad=\"background: -webkit-gradient(linear, left top, left bottom, color-stop(0%, #311E51), color-stop(100%, #642D56));background: -moz-linear-gradient(left,#311E51 0%,#642D56 100%);background: -webkit-linear-gradient(left,#311E51 0%,#642D56 100%);background: -o-linear-gradient(left,#311E51 0%,#642D56 100%);background: -ms-linear-gradient(left,#311E51 0%,#642D56 100%);background: linear-gradient(left,#311E51 0%,#642D56 100%);\" data-bg-override=\"0\" data-upb-overlay-color=\"\" data-upb-bg-animation=\"\" data-fadeout=\"\" data-fadeout-percentage=\"30\" data-parallax-content=\"\" data-parallax-content-sense=\"30\" data-row-effect-mobile-disable=\"true\" data-img-parallax-mobile-disable=\"true\" data-rtl=\"false\"  data-custom-vc-row=\"\"  data-vc=\"5.5.2\"  data-is_old_vc=\"\"  data-theme-support=\"\"   data-overlay=\"false\" data-overlay-color=\"\" data-overlay-pattern=\"\" data-overlay-pattern-opacity=\"\" data-overlay-pattern-size=\"\"    ><\/div><section class=\"l-section wpb_row height_medium\"><div class=\"l-section-h i-cf\"><div class=\"g-cols vc_row type_default valign_top\"><div class=\"vc_col-sm-12 wpb_column vc_column_container\"><div class=\"vc_column-inner\"><div class=\"wpb_wrapper\">\r\n\t<div class=\"wpb_text_column \">\r\n\t\t<div class=\"wpb_wrapper\">\r\n\t\t\t<table class=\"table table-condensed\">\n<tbody>\n<tr>\n<th>Descripci\u00f3n:<\/th>\n<td>Spot que se ejecuta durante la transmisi\u00f3n del contenido on-demand la alturaci\u00f3n sera definida seg\u00fan la duraci\u00f3n del contenido, clickable.<\/td>\n<\/tr>\n<tr>\n<th>Formato:<\/th>\n<td>MP4<\/td>\n<\/tr>\n<tr>\n<th>Duraci\u00f3n:<\/th>\n<td>60 seg m\u00e1ximo<\/td>\n<\/tr>\n<tr>\n<th>Difusi\u00f3n:<\/th>\n<td>www.salamancabusca.cl \/ www.zonatv.cl<\/td>\n<\/tr>\n<tr>\n<th>Extras:<\/th>\n<td>Se recomienda enviar formato MPG o MOV o AVI, para realizar ac\u00e1 la compresi\u00f3n.<br \/>\nEl tama\u00f1o minimo del video debe ser 640&#215;480.<\/td>\n<\/tr>\n<\/tbody>\n<\/table>\n<p style=\"text-align: right;\"><strong><a href=\"https:\/\/www.youtube.com\/watch?v=qVrhQf9qMi0\" target=\"_blank\" rel=\"noopener\">VER DEMO<\/a><\/strong><\/p>\n\r\n\t\t<\/div>\r\n\t<\/div>\r\n<\/div><\/div><\/div><\/div><\/div><\/section>\n","protected":false},"excerpt":{"rendered":"SPOTS VIDEO Requisitos importantes Reportes:\u00a0Para la solicitud\u00a0 de reportes, deben ser solicitados a su ejecutiv@ comercial. * El horario de env\u00edo de piezas es hasta las 17:00hrs para su revisi\u00f3n, de lo contrario la campa\u00f1a se subir\u00e1 al siguiente d\u00eda h\u00e1bil. * Los costos de los productos deben de solicitarse al mail: clientes@salamancabusca.cl * Por...","protected":false},"author":1,"featured_media":0,"parent":0,"menu_order":0,"comment_status":"closed","ping_status":"closed","template":"","meta":[],"_links":{"self":[{"href":"https:\/\/salamancabusca.cl\/mediakit\/wp-json\/wp\/v2\/pages\/3163"}],"collection":[{"href":"https:\/\/salamancabusca.cl\/mediakit\/wp-json\/wp\/v2\/pages"}],"about":[{"href":"https:\/\/salamancabusca.cl\/mediakit\/wp-json\/wp\/v2\/types\/page"}],"author":[{"embeddable":true,"href":"https:\/\/salamancabusca.cl\/mediakit\/wp-json\/wp\/v2\/users\/1"}],"replies":[{"embeddable":true,"href":"https:\/\/salamancabusca.cl\/mediakit\/wp-json\/wp\/v2\/comments?post=3163"}],"version-history":[{"count":34,"href":"https:\/\/salamancabusca.cl\/mediakit\/wp-json\/wp\/v2\/pages\/3163\/revisions"}],"predecessor-version":[{"id":3304,"href":"https:\/\/salamancabusca.cl\/mediakit\/wp-json\/wp\/v2\/pages\/3163\/revisions\/3304"}],"wp:attachment":[{"href":"https:\/\/salamancabusca.cl\/mediakit\/wp-json\/wp\/v2\/media?parent=3163"}],"curies":[{"name":"wp","href":"https:\/\/api.w.org\/{rel}","templated":true}]}}